{"id":1888,"date":"2025-12-18T17:38:44","date_gmt":"2025-12-18T17:38:44","guid":{"rendered":"https:\/\/newbeginningfilms.es\/?page_id=1888"},"modified":"2026-01-09T11:27:21","modified_gmt":"2026-01-09T11:27:21","slug":"aviso-legal","status":"publish","type":"page","link":"https:\/\/newbeginningfilms.es\/en\/aviso-legal\/","title":{"rendered":"Legal notice"},"content":{"rendered":"<div class=\"fusion-fullwidth fullwidth-box fusion-builder-row-1 fusion-flex-container has-pattern-background has-mask-background nonhundred-percent-fullwidth non-hundred-percent-height-scrolling\" style=\"--awb-border-radius-top-left:0px;--awb-border-radius-top-right:0px;--awb-border-radius-bottom-right:0px;--awb-border-radius-bottom-left:0px;--awb-flex-wrap:wrap;\" ><div class=\"fusion-builder-row fusion-row fusion-flex-align-items-flex-start fusion-flex-content-wrap\" style=\"max-width:1404px;margin-left: calc(-4% \/ 2 );margin-right: calc(-4% \/ 2 );\"><div class=\"fusion-layout-column fusion_builder_column fusion-builder-column-0 fusion_builder_column_1_1 1_1 fusion-flex-column\" style=\"--awb-bg-size:cover;--awb-width-large:100%;--awb-margin-top-large:0px;--awb-spacing-right-large:1.92%;--awb-margin-bottom-large:20px;--awb-spacing-left-large:1.92%;--awb-width-medium:100%;--awb-order-medium:0;--awb-spacing-right-medium:1.92%;--awb-spacing-left-medium:1.92%;--awb-width-small:100%;--awb-order-small:0;--awb-spacing-right-small:1.92%;--awb-spacing-left-small:1.92%;\"><div class=\"fusion-column-wrapper fusion-column-has-shadow fusion-flex-justify-content-flex-start fusion-content-layout-column\"><div class=\"fusion-title title fusion-title-1 fusion-sep-none fusion-title-center fusion-title-text fusion-title-size-three\" style=\"--awb-text-color:#000000;--awb-margin-bottom:50px;\"><h3 class=\"fusion-title-heading title-heading-center\" style=\"margin:0;\">AVISO LEGAL Y CONDICIONES GENERALES DE USO<\/h3><\/div><div class=\"fusion-text fusion-text-1\" style=\"--awb-text-color:var(--awb-color6);\"><p><b>I. INFORMACI\u00d3N GENERAL<\/b><br \/>En cumplimiento con el deber de informaci\u00f3n dispuesto en la Ley 34\/2002 de Servicios de la Sociedad de<br \/>la Informaci\u00f3n y el Comercio Electr\u00f3nico (LSSI-CE) de 11 de julio, se facilitan a continuaci\u00f3n los siguientes<br \/>datos de informaci\u00f3n general de este sitio web:<br \/>La titularidad de este sitio web, https:\/\/newbeginningfilms.es\/, (en adelante, Sitio Web) la ostenta: New<br \/>Beginning Films S.L, provista de NIF: B75673343 e inscrita en: con los siguientes datos registrales: , cuyo<br \/>representante es: Claudia P\u00e9rez, y cuyos datos de contacto son:<br \/>Direcci\u00f3n: Nanclares de Oca 1 portal F bajo C &#8211; 28022 Madrid<br \/>Tel\u00e9fono de contacto:<br \/>Email de contacto: info@newbeginningfilms.es<\/p>\n<p><b>II. T\u00c9RMINOS Y CONDICIONES GENERALES DE USO<\/b><br \/>El objeto de las condiciones: El Sitio Web<br \/>El objeto de las presentes Condiciones Generales de Uso (en adelante, Condiciones) es regular el acceso y<br \/>la utilizaci\u00f3n del Sitio Web. A los efectos de las presentes Condiciones se entender\u00e1 como Sitio Web: la<br \/>apariencia externa de los interfaces de pantalla, tanto de forma est\u00e1tica como de forma din\u00e1mica, es<br \/>decir, el \u00e1rbol de navegaci\u00f3n; y todos los elementos integrados tanto en los interfaces de pantalla como en<br \/>el \u00e1rbol de navegaci\u00f3n (en adelante, Contenidos) y todos aquellos servicios o recursos en l\u00ednea que en su<br \/>caso ofrezca a los Usuarios (en adelante, Servicios).<br \/>New Beginning Films se reserva la facultad de modificar, en cualquier momento, y sin aviso previo, la<br \/>presentaci\u00f3n y configuraci\u00f3n del Sitio Web y de los Contenidos y Servicios que en \u00e9l pudieran estar<br \/>incorporados. El Usuario reconoce y acepta que en cualquier momento New Beginning Films pueda<br \/>interrumpir, desactivar y\/o cancelar cualquiera de estos elementos que se integran en el Sitio Web o el<br \/>acceso a los mismos.<br \/>El acceso al Sitio Web por el Usuario tiene car\u00e1cter libre y, por regla general, es gratuito sin que el Usuario<br \/>tenga que proporcionar una contraprestaci\u00f3n para poder disfrutar de ello, salvo en lo relativo al coste de<br \/>conexi\u00f3n a trav\u00e9s de la red de telecomunicaciones suministrada por el proveedor de acceso que hubiere<br \/>contratado el Usuario.<br \/>La utilizaci\u00f3n de los Contenidos no requiere previa suscripci\u00f3n o registro alguno.<br \/>El Usuario<br \/>El acceso, la navegaci\u00f3n y uso del Sitio Web, confiere la condici\u00f3n de Usuario, por lo que se aceptan,<br \/>desde que se inicia la navegaci\u00f3n por el Sitio Web, todas las Condiciones aqu\u00ed establecidas, as\u00ed como sus<br \/>ulteriores modificaciones, sin perjuicio de la aplicaci\u00f3n de la correspondiente normativa legal de obligado<br \/>cumplimiento seg\u00fan el caso. Dada la relevancia de lo anterior, se recomienda al Usuario leerlas cada vez<br \/>que visite el Sitio Web.<br \/>El Sitio Web de New Beginning Films proporciona gran diversidad de informaci\u00f3n, servicios y datos. El<br \/>Usuario asume su responsabilidad para realizar un uso correcto del Sitio Web. Esta responsabilidad se<br \/>extender\u00e1 a:<br \/>Un uso de la informaci\u00f3n, Contenidos y\/o Servicios y datos ofrecidos por New Beginning Films sin<br \/>que sea contrario a lo dispuesto por las presentes Condiciones, la Ley, la moral o el orden p\u00fablico, o<br \/>que de cualquier otro modo puedan suponer lesi\u00f3n de los derechos de terceros o del mismo<br \/>funcionamiento del Sitio Web.<br \/>La veracidad y licitud de las informaciones aportadas por el Usuario en los formularios extendidos<br \/>por New Beginning Films para el acceso a ciertos Contenidos o Servicios ofrecidos por el Sitio Web.<br \/>En todo caso, el Usuario notificar\u00e1 de forma inmediata a New Beginning Films acerca de cualquier<br \/>hecho que permita el uso indebido de la informaci\u00f3n registrada en dichos formularios, tales como,<br \/>pero no solo, el robo, extrav\u00edo, o el acceso no autorizado a identificadores y\/o contrase\u00f1as, con el fin<br \/>de proceder a su inmediata cancelaci\u00f3n.<br \/>El mero acceso a este Sitio Web no supone entablar ning\u00fan tipo de relaci\u00f3n de car\u00e1cter comercial entre<br \/>New Beginning Films y el Usuario.<br \/>Siempre en el respeto de la legislaci\u00f3n vigente, este Sitio Web de New Beginning Films se dirige a todas<br \/>las personas, sin importar su edad, que puedan acceder y\/o navegar por las p\u00e1ginas del Sitio Web.<\/p>\n<p><b>III. ACCESO Y NAVEGACI\u00d3N EN EL SITIO WEB:<br \/>EXCLUSI\u00d3N DE GARANT\u00cdAS Y RESPONSABILIDAD<\/b><br \/>New Beginning Films no garantiza la continuidad, disponibilidad y utilidad del Sitio Web, ni de los<br \/>Contenidos o Servicios. New Beginning Films har\u00e1 todo lo posible por el buen funcionamiento del Sitio<br \/>Web, sin embargo, no se responsabiliza ni garantiza que el acceso a este Sitio Web no vaya a ser<br \/>ininterrumpido o que est\u00e9 libre de error.<br \/>Tampoco se responsabiliza o garantiza que el contenido o software al que pueda accederse a trav\u00e9s de<br \/>este Sitio Web, est\u00e9 libre de error o cause un da\u00f1o al sistema inform\u00e1tico (software y hardware) del<br \/>Usuario. En ning\u00fan caso New Beginning Films ser\u00e1 responsable por las p\u00e9rdidas, da\u00f1os o perjuicios de<br \/>cualquier tipo que surjan por el acceso, navegaci\u00f3n y el uso del Sitio Web, incluy\u00e9ndose, pero no<br \/>limit\u00e1ndose, a los ocasionados a los sistemas inform\u00e1ticos o los provocados por la introducci\u00f3n de virus.<br \/>New Beginning Films tampoco se hace responsable de los da\u00f1os que pudiesen ocasionarse a los usuarios<br \/>por un uso inadecuado de este Sitio Web. En particular, no se hace responsable en modo alguno de las<br \/>ca\u00eddas, interrupciones, falta o defecto de las telecomunicaciones que pudieran ocurrir.<\/p>\n<p><b>IV. POL\u00cdTICA DE ENLACES<\/b><br \/>Se informa que el Sitio Web de New Beginning Films pone o puede poner a disposici\u00f3n de los Usuarios<br \/>medios de enlace (como, entre otros, links, banners, botones), directorios y motores de b\u00fasqueda que<br \/>permiten a los Usuarios acceder a sitios web pertenecientes y\/o gestionados por terceros.<br \/>La instalaci\u00f3n de estos enlaces, directorios y motores de b\u00fasqueda en el Sitio Web tiene por objeto facilitar<br \/>a los Usuarios la b\u00fasqueda de y acceso a la informaci\u00f3n disponible en Internet, sin que pueda considerarse<br \/>una sugerencia, recomendaci\u00f3n o invitaci\u00f3n para la visita de los mismos.<br \/>New Beginning Films no ofrece ni comercializa por s\u00ed ni por medio de terceros los productos y\/o servicios<br \/>disponibles en dichos sitios enlazados.<br \/>Asimismo, tampoco garantizar\u00e1 la disponibilidad t\u00e9cnica, exactitud, veracidad, validez o legalidad de sitios<br \/>ajenos a su propiedad a los que se pueda acceder por medio de los enlaces.<br \/>New Beginning Films en ning\u00fan caso revisar\u00e1 o controlar\u00e1 el contenido de otros sitios web, as\u00ed como<br \/>tampoco aprueba, examina ni hace propios los productos y servicios, contenidos, archivos y cualquier otro<br \/>material existente en los referidos sitios enlazados.<br \/>New Beginning Films no asume ninguna responsabilidad por los da\u00f1os y perjuicios que pudieran producirse<br \/>por el acceso, uso, calidad o licitud de los contenidos, comunicaciones, opiniones, productos y servicios de<br \/>los sitios web no gestionados por New Beginning Films y que sean enlazados en este Sitio Web.<br \/>El Usuario o tercero que realice un hiperv\u00ednculo desde una p\u00e1gina web de otro, distinto, sitio web al Sitio<br \/>Web de New Beginning Films deber\u00e1 saber que:<br \/>No se permite la reproducci\u00f3n \u2014total o parcialmente\u2014 de ninguno de los Contenidos y\/o Servicios del Sitio<br \/>Web sin autorizaci\u00f3n expresa de New Beginning Films.<br \/>No se permite tampoco ninguna manifestaci\u00f3n falsa, inexacta o incorrecta sobre el Sitio Web de New<br \/>Beginning Films, ni sobre los Contenidos y\/o Servicios del mismo.<br \/>A excepci\u00f3n del hiperv\u00ednculo, el sitio web en el que se establezca dicho hiperenlace no contendr\u00e1 ning\u00fan<br \/>elemento, de este Sitio Web, protegido como propiedad intelectual por el ordenamiento jur\u00eddico espa\u00f1ol,<br \/>salvo autorizaci\u00f3n expresa de New Beginning Films.<br \/>El establecimiento del hiperv\u00ednculo no implicar\u00e1 la existencia de relaciones entre New Beginning Films y el<br \/>titular del sitio web desde el cual se realice, ni el conocimiento y aceptaci\u00f3n de New Beginning Films de los<br \/>contenidos, servicios y\/o actividades ofrecidas en dicho sitio web, y viceversa.<\/p>\n<p><b>V. PROPIEDAD INTELECTUAL E INDUSTRIAL<\/b><br \/>New Beginning Films por s\u00ed o como parte cesionaria, es titular de todos los derechos de propiedad<br \/>intelectual e industrial del Sitio Web, as\u00ed como de los elementos contenidos en el mismo (a t\u00edtulo<br \/>enunciativo y no exhaustivo, im\u00e1genes, sonido, audio, v\u00eddeo, software o textos, marcas o logotipos,<br \/>combinaciones de colores, estructura y dise\u00f1o, selecci\u00f3n de materiales usados, programas de ordenador<br \/>necesarios para su funcionamiento, acceso y uso, etc.). Ser\u00e1n, por consiguiente, obras protegidas como<br \/>propiedad intelectual por el ordenamiento jur\u00eddico espa\u00f1ol, si\u00e9ndoles aplicables tanto la normativa<br \/>espa\u00f1ola y comunitaria en este campo, como los tratados internacionales relativos a la materia y suscritos<br \/>por Espa\u00f1a.<br \/>Todos los derechos reservados. En virtud de lo dispuesto en la Ley de Propiedad Intelectual, quedan<br \/>expresamente prohibidas la reproducci\u00f3n, la distribuci\u00f3n y la comunicaci\u00f3n p\u00fablica, incluida su modalidad<br \/>de puesta a disposici\u00f3n, de la totalidad o parte de los contenidos de esta p\u00e1gina web, con fines<br \/>comerciales, en cualquier soporte y por cualquier medio t\u00e9cnico, sin la autorizaci\u00f3n de New Beginning<br \/>Films.<br \/>El Usuario se compromete a respetar los derechos de propiedad intelectual e industrial de New Beginning<br \/>Films. Podr\u00e1 visualizar los elementos del Sitio Web o incluso imprimirlos, copiarlos y almacenarlos en el<br \/>disco duro de su ordenador o en cualquier otro soporte f\u00edsico siempre y cuando sea, exclusivamente, para<br \/>su uso personal. El Usuario, sin embargo, no podr\u00e1 suprimir, alterar, o manipular cualquier dispositivo de<br \/>protecci\u00f3n o sistema de seguridad que estuviera instalado en el Sitio Web.<br \/>En caso de que el Usuario o tercero considere que cualquiera de los Contenidos del Sitio Web suponga una<br \/>violaci\u00f3n de los derechos de protecci\u00f3n de la propiedad intelectual, deber\u00e1 comunicarlo inmediatamente a<br \/>New Beginning Films a trav\u00e9s de los datos de contacto del apartado de INFORMACI\u00d3N GENERAL de este<br \/>Aviso Legal y Condiciones Generales de Uso.<\/p>\n<p><b>VI. ACCIONES LEGALES, LEGISLACI\u00d3N APLICABLE Y<br \/>JURISDICCI\u00d3N<\/b><br \/>New Beginning Films se reserva la facultad de presentar las acciones civiles o penales que considere<br \/>necesarias por la utilizaci\u00f3n indebida del Sitio Web y Contenidos, o por el incumplimiento de las presentes<br \/>Condiciones.<br \/>La relaci\u00f3n entre el Usuario y New Beginning Films se regir\u00e1 por la normativa vigente y de aplicaci\u00f3n en el<br \/>territorio espa\u00f1ol. De surgir cualquier controversia en relaci\u00f3n con la interpretaci\u00f3n y\/o a la aplicaci\u00f3n de<br \/>estas Condiciones las partes someter\u00e1n sus conflictos a la jurisdicci\u00f3n ordinaria someti\u00e9ndose a los jueces<br \/>y tribunales que correspondan conforme a derecho.<br \/>Este documento de Aviso Legal y Condiciones Generales de uso del sitio web ha sido creado mediante el<br \/>generador de plantilla de aviso legal y condiciones de uso online el d\u00eda 04\/01\/2026.<\/p>\n<\/div><\/div><\/div><\/div><\/div>","protected":false},"excerpt":{"rendered":"","protected":false},"author":1,"featured_media":0,"parent":0,"menu_order":0,"comment_status":"closed","ping_status":"closed","template":"","meta":{"footnotes":""},"class_list":["post-1888","page","type-page","status-publish","hentry"],"_links":{"self":[{"href":"https:\/\/newbeginningfilms.es\/en\/wp-json\/wp\/v2\/pages\/1888","targetHints":{"allow":["GET"]}}],"collection":[{"href":"https:\/\/newbeginningfilms.es\/en\/wp-json\/wp\/v2\/pages"}],"about":[{"href":"https:\/\/newbeginningfilms.es\/en\/wp-json\/wp\/v2\/types\/page"}],"author":[{"embeddable":true,"href":"https:\/\/newbeginningfilms.es\/en\/wp-json\/wp\/v2\/users\/1"}],"replies":[{"embeddable":true,"href":"https:\/\/newbeginningfilms.es\/en\/wp-json\/wp\/v2\/comments?post=1888"}],"version-history":[{"count":2,"href":"https:\/\/newbeginningfilms.es\/en\/wp-json\/wp\/v2\/pages\/1888\/revisions"}],"predecessor-version":[{"id":1902,"href":"https:\/\/newbeginningfilms.es\/en\/wp-json\/wp\/v2\/pages\/1888\/revisions\/1902"}],"wp:attachment":[{"href":"https:\/\/newbeginningfilms.es\/en\/wp-json\/wp\/v2\/media?parent=1888"}],"curies":[{"name":"wp","href":"https:\/\/api.w.org\/{rel}","templated":true}]}}