{"id":1890,"date":"2025-12-18T17:38:58","date_gmt":"2025-12-18T17:38:58","guid":{"rendered":"https:\/\/newbeginningfilms.es\/?page_id=1890"},"modified":"2026-01-09T12:03:56","modified_gmt":"2026-01-09T12:03:56","slug":"politica-de-privacidad","status":"publish","type":"page","link":"https:\/\/newbeginningfilms.es\/en\/politica-de-privacidad\/","title":{"rendered":"Privacy Policy"},"content":{"rendered":"<div class=\"fusion-fullwidth fullwidth-box fusion-builder-row-1 fusion-flex-container has-pattern-background has-mask-background nonhundred-percent-fullwidth non-hundred-percent-height-scrolling\" style=\"--awb-border-radius-top-left:0px;--awb-border-radius-top-right:0px;--awb-border-radius-bottom-right:0px;--awb-border-radius-bottom-left:0px;--awb-flex-wrap:wrap;\" ><div class=\"fusion-builder-row fusion-row fusion-flex-align-items-flex-start fusion-flex-content-wrap\" style=\"max-width:1404px;margin-left: calc(-4% \/ 2 );margin-right: calc(-4% \/ 2 );\"><div class=\"fusion-layout-column fusion_builder_column fusion-builder-column-0 fusion_builder_column_1_1 1_1 fusion-flex-column\" style=\"--awb-bg-size:cover;--awb-width-large:100%;--awb-margin-top-large:0px;--awb-spacing-right-large:1.92%;--awb-margin-bottom-large:20px;--awb-spacing-left-large:1.92%;--awb-width-medium:100%;--awb-order-medium:0;--awb-spacing-right-medium:1.92%;--awb-spacing-left-medium:1.92%;--awb-width-small:100%;--awb-order-small:0;--awb-spacing-right-small:1.92%;--awb-spacing-left-small:1.92%;\"><div class=\"fusion-column-wrapper fusion-column-has-shadow fusion-flex-justify-content-flex-start fusion-content-layout-column\"><div class=\"fusion-title title fusion-title-1 fusion-sep-none fusion-title-center fusion-title-text fusion-title-size-three\" style=\"--awb-text-color:#000000;--awb-margin-bottom:50px;\"><h3 class=\"fusion-title-heading title-heading-center\" style=\"margin:0;\">POL\u00cdTICA DE PRIVACIDAD DEL SITIO WEB<\/h3><\/div><div class=\"fusion-text fusion-text-1\" style=\"--awb-text-color:var(--awb-color6);\"><p><b>I. POL\u00cdTICA DE PRIVACIDAD Y PROTECCI\u00d3N DE DATOS<\/b><br \/>\nRespetando lo establecido en la legislaci\u00f3n vigente, New Beginning Films (en adelante, tambi\u00e9n Sitio Web)<br \/>\nse compromete a adoptar las medidas t\u00e9cnicas y organizativas necesarias, seg\u00fan el nivel de seguridad<br \/>\nadecuado al riesgo de los datos recogidos.<br \/>\nLeyes que incorpora esta pol\u00edtica de privacidad<br \/>\nEsta pol\u00edtica de privacidad est\u00e1 adaptada a la normativa espa\u00f1ola y europea vigente en materia de<br \/>\nprotecci\u00f3n de datos personales en internet. En concreto, la misma respeta las siguientes normas:<br \/>\nEl Reglamento (UE) 2016\/679 del Parlamento Europeo y del Consejo, de 27 de abril de 2016, relativo<br \/>\na la protecci\u00f3n de las personas f\u00edsicas en lo que respecta al tratamiento de datos personales y a la<br \/>\nlibre circulaci\u00f3n de estos datos (RGPD).<br \/>\nLa Ley Org\u00e1nica 3\/2018, de 5 de diciembre, de Protecci\u00f3n de Datos Personales y garant\u00eda de los<br \/>\nderechos digitales (LOPD-GDD).<br \/>\nEl Real Decreto 1720\/2007, de 21 de diciembre, por el que se aprueba el Reglamento de desarrollo<br \/>\nde la Ley Org\u00e1nica 15\/1999, de 13 de diciembre, de Protecci\u00f3n de Datos de Car\u00e1cter Personal<br \/>\n(RDLOPD).<br \/>\nLa Ley 34\/2002, de 11 de julio, de Servicios de la Sociedad de la Informaci\u00f3n y de Comercio<br \/>\nElectr\u00f3nico (LSSI-CE).<br \/>\nIdentidad del responsable del tratamiento de los datos personales<br \/>\nEl responsable del tratamiento de los datos personales recogidos en New Beginning Films es: New<br \/>\nBeginning Films S.L, provista de NIF\/CIF: B75673343 e inscrito en: con los siguientes datos registrales: ,<br \/>\ncuyo representante es: Claudia P\u00e9rez (en adelante, Responsable del tratamiento). Sus datos de contacto<br \/>\nson los siguientes:<br \/>\nDirecci\u00f3n: Nanclares de Oca 1 portal F bajo C &#8211; 28022 Madrid<br \/>\nTel\u00e9fono de contacto:<br \/>\nEmail de contacto: info@newbeginningfilms.es<br \/>\nRegistro de Datos de Car\u00e1cter Personal<br \/>\nEn cumplimiento de lo establecido en el RGPD y la LOPD-GDD, le informamos que los datos personales<br \/>\nrecabados por New Beginning Films, mediante los formularios extendidos en sus p\u00e1ginas quedar\u00e1n<br \/>\nincorporados y ser\u00e1n tratados en nuestro fichero con el fin de poder facilitar, agilizar y cumplir los<br \/>\ncompromisos establecidos entre New Beginning Films y el Usuario o el mantenimiento de la relaci\u00f3n que<br \/>\nse establezca en los formularios que este rellene, o para atender una solicitud o consulta del mismo.<br \/>\nAsimismo, de conformidad con lo previsto en el RGPD y la LOPD-GDD, salvo que sea de aplicaci\u00f3n la<br \/>\nexcepci\u00f3n prevista en el art\u00edculo 30.5 del RGPD, se mantiene un registro de actividades de tratamiento<br \/>\nque especifica, seg\u00fan sus finalidades, las actividades de tratamiento llevadas a cabo y las dem\u00e1s<br \/>\ncircunstancias establecidas en el RGPD.<br \/>\nPrincipios aplicables al tratamiento de los datos personales<br \/>\nEl tratamiento de los datos personales del Usuario se someter\u00e1 a los siguientes principios recogidos en el<br \/>\nart\u00edculo 5 del RGPD y en el art\u00edculo 4 y siguientes de la Ley Org\u00e1nica 3\/2018, de 5 de diciembre, de<br \/>\nProtecci\u00f3n de Datos Personales y garant\u00eda de los derechos digitales:<br \/>\nPrincipio de licitud, lealtad y transparencia: se requerir\u00e1 en todo momento el consentimiento del<br \/>\nUsuario previa informaci\u00f3n completamente transparente de los fines para los cuales se recogen los<br \/>\ndatos personales.<br \/>\nPrincipio de limitaci\u00f3n de la finalidad: los datos personales ser\u00e1n recogidos con fines determinados,<br \/>\nexpl\u00edcitos y leg\u00edtimos.<br \/>\nPrincipio de minimizaci\u00f3n de datos: los datos personales recogidos ser\u00e1n \u00fanicamente los<br \/>\nestrictamente necesarios en relaci\u00f3n con los fines para los que son tratados.<br \/>\nPrincipio de exactitud: los datos personales deben ser exactos y estar siempre actualizados.<br \/>\nPrincipio de limitaci\u00f3n del plazo de conservaci\u00f3n: los datos personales solo ser\u00e1n mantenidos de<br \/>\nforma que se permita la identificaci\u00f3n del Usuario durante el tiempo necesario para los fines de su<br \/>\ntratamiento.<br \/>\nPrincipio de integridad y confidencialidad: los datos personales ser\u00e1n tratados de manera que se<br \/>\ngarantice su seguridad y confidencialidad.<br \/>\nPrincipio de responsabilidad proactiva: el Responsable del tratamiento ser\u00e1 responsable de asegurar<br \/>\nque los principios anteriores se cumplen.<br \/>\nCategor\u00edas de datos personales<br \/>\nLas categor\u00edas de datos que se tratan en New Beginning Films son \u00fanicamente datos identificativos. En<br \/>\nning\u00fan caso, se tratan categor\u00edas especiales de datos personales en el sentido del art\u00edculo 9 del RGPD.<br \/>\nBase legal para el tratamiento de los datos personales<br \/>\nLa base legal para el tratamiento de los datos personales es el consentimiento. New Beginning Films se<br \/>\ncompromete a recabar el consentimiento expreso y verificable del Usuario para el tratamiento de sus<br \/>\ndatos personales para uno o varios fines espec\u00edficos.<br \/>\nEl Usuario tendr\u00e1 derecho a retirar su consentimiento en cualquier momento. Ser\u00e1 tan f\u00e1cil retirar el<br \/>\nconsentimiento como darlo. Como regla general, la retirada del consentimiento no condicionar\u00e1 el uso del<br \/>\nSitio Web.<br \/>\nEn las ocasiones en las que el Usuario deba o pueda facilitar sus datos a trav\u00e9s de formularios para<br \/>\nrealizar consultas, solicitar informaci\u00f3n o por motivos relacionados con el contenido del Sitio Web, se le<br \/>\ninformar\u00e1 en caso de que la cumplimentaci\u00f3n de alguno de ellos sea obligatoria debido a que los mismos<br \/>\nsean imprescindibles para el correcto desarrollo de la operaci\u00f3n realizada.<br \/>\nFines del tratamiento a que se destinan los datos personales<br \/>\nLos datos personales son recabados y gestionados por New Beginning Films con la finalidad de poder<br \/>\nfacilitar, agilizar y cumplir los compromisos establecidos entre el Sitio Web y el Usuario o el mantenimiento<br \/>\nde la relaci\u00f3n que se establezca en los formularios que este \u00faltimo rellene o para atender una solicitud o<br \/>\nconsulta.<br \/>\nIgualmente, los datos podr\u00e1n ser utilizados con una finalidad comercial de personalizaci\u00f3n, operativa y<br \/>\nestad\u00edstica, y actividades propias del objeto social de New Beginning Films, as\u00ed como para la extracci\u00f3n,<br \/>\nalmacenamiento de datos y estudios de marketing para adecuar el Contenido ofertado al Usuario, as\u00ed<br \/>\ncomo mejorar la calidad, funcionamiento y navegaci\u00f3n por el Sitio Web.<br \/>\nEn el momento en que se obtengan los datos personales, se informar\u00e1 al Usuario acerca del fin o fines<br \/>\nespec\u00edficos del tratamiento a que se destinar\u00e1n los datos personales; es decir, del uso o usos que se dar\u00e1<br \/>\na la informaci\u00f3n recopilada.<br \/>\nPer\u00edodos de retenci\u00f3n de los datos personales<br \/>\nLos datos personales solo ser\u00e1n retenidos durante el tiempo m\u00ednimo necesario para los fines de su<br \/>\ntratamiento y, en todo caso, \u00fanicamente durante el siguiente plazo: 12, o hasta que el Usuario solicite su<br \/>\nsupresi\u00f3n.<br \/>\nEn el momento en que se obtengan los datos personales, se informar\u00e1 al Usuario acerca del plazo durante<br \/>\nel cual se conservar\u00e1n los datos personales o, cuando eso no sea posible, los criterios utilizados para<br \/>\ndeterminar este plazo.<br \/>\nDestinatarios de los datos personales<br \/>\nLos datos personales del Usuario no ser\u00e1n compartidos con terceros.<br \/>\nEn cualquier caso, en el momento en que se obtengan los datos personales, se informar\u00e1 al Usuario acerca<br \/>\nde los destinatarios o las categor\u00edas de destinatarios de los datos personales.<br \/>\nDatos personales de menores de edad<br \/>\nRespetando lo establecido en los art\u00edculos 8 del RGPD y 7 de la Ley Org\u00e1nica 3\/2018, de 5 de diciembre,<br \/>\nde Protecci\u00f3n de Datos Personales y garant\u00eda de los derechos digitales, solo los mayores de 14 a\u00f1os<br \/>\npodr\u00e1n otorgar su consentimiento para el tratamiento de sus datos personales de forma l\u00edcita por New<br \/>\nBeginning Films. Si se trata de un menor de 14 a\u00f1os, ser\u00e1 necesario el consentimiento de los padres o<br \/>\ntutores para el tratamiento, y este solo se considerar\u00e1 l\u00edcito en la medida en la que los mismos lo hayan<br \/>\nautorizado.<br \/>\nSecreto y seguridad de los datos personales<br \/>\nNew Beginning Films se compromete a adoptar las medidas t\u00e9cnicas y organizativas necesarias, seg\u00fan el<br \/>\nnivel de seguridad adecuado al riesgo de los datos recogidos, de forma que se garantice la seguridad de<br \/>\nlos datos de car\u00e1cter personal y se evite la destrucci\u00f3n, p\u00e9rdida o alteraci\u00f3n accidental o il\u00edcita de datos<br \/>\npersonales transmitidos, conservados o tratados de otra forma, o la comunicaci\u00f3n o acceso no autorizados<br \/>\na dichos datos.<br \/>\nEl Sitio Web cuenta con un certificado SSL (Secure Socket Layer), que asegura que los datos personales se<br \/>\ntransmiten de forma segura y confidencial, al ser la transmisi\u00f3n de los datos entre el servidor y el Usuario,<br \/>\ny en retroalimentaci\u00f3n, totalmente cifrada o encriptada.<br \/>\nSin embargo, debido a que New Beginning Films no puede garantizar la inexpugnabilidad de internet ni la<br \/>\nausencia total de hackers u otros que accedan de modo fraudulento a los datos personales, el Responsable<br \/>\ndel tratamiento se compromete a comunicar al Usuario sin dilaci\u00f3n indebida cuando ocurra una violaci\u00f3n<br \/>\nde la seguridad de los datos personales que sea probable que entra\u00f1e un alto riesgo para los derechos y<br \/>\nlibertades de las personas f\u00edsicas. Siguiendo lo establecido en el art\u00edculo 4 del RGPD, se entiende por<br \/>\nviolaci\u00f3n de la seguridad de los datos personales toda violaci\u00f3n de la seguridad que ocasione la<br \/>\ndestrucci\u00f3n, p\u00e9rdida o alteraci\u00f3n accidental o il\u00edcita de datos personales transmitidos, conservados o<br \/>\ntratados de otra forma, o la comunicaci\u00f3n o acceso no autorizados a dichos datos.<br \/>\nLos datos personales ser\u00e1n tratados como confidenciales por el Responsable del tratamiento, quien se<br \/>\ncompromete a informar de y a garantizar por medio de una obligaci\u00f3n legal o contractual que dicha<br \/>\nconfidencialidad sea respetada por sus empleados, asociados, y toda persona a la cual le haga accesible la<br \/>\ninformaci\u00f3n.<br \/>\nDerechos derivados del tratamiento de los datos personales<br \/>\nEl Usuario tiene sobre New Beginning Films y podr\u00e1, por tanto, ejercer frente al Responsable del<br \/>\ntratamiento los siguientes derechos reconocidos en el RGPD y la Ley Org\u00e1nica 3\/2018, de 5 de diciembre,<br \/>\nde Protecci\u00f3n de Datos Personales y garant\u00eda de los derechos digitales:<br \/>\nDerecho de acceso: Es el derecho del Usuario a obtener confirmaci\u00f3n de si New Beginning Films<br \/>\nest\u00e1 tratando o no sus datos personales y, en caso afirmativo, obtener informaci\u00f3n sobre sus datos<br \/>\nconcretos de car\u00e1cter personal y del tratamiento que New Beginning Films haya realizado o realice,<br \/>\nas\u00ed como, entre otra, de la informaci\u00f3n disponible sobre el origen de dichos datos y los destinatarios<br \/>\nde las comunicaciones realizadas o previstas de los mismos.<br \/>\nDerecho de rectificaci\u00f3n: Es el derecho del Usuario a que se modifiquen sus datos personales que<br \/>\nresulten ser inexactos o, teniendo en cuenta los fines del tratamiento, incompletos.<br \/>\nDerecho de supresi\u00f3n (\u00abel derecho al olvido\u00bb): Es el derecho del Usuario, siempre que la legislaci\u00f3n<br \/>\nvigente no establezca lo contrario, a obtener la supresi\u00f3n de sus datos personales cuando estos ya<br \/>\nno sean necesarios para los fines para los cuales fueron recogidos o tratados; el Usuario haya<br \/>\nretirado su consentimiento al tratamiento y este no cuente con otra base legal; el Usuario se oponga<br \/>\nal tratamiento y no exista otro motivo leg\u00edtimo para continuar con el mismo; los datos personales<br \/>\nhayan sido tratados il\u00edcitamente; los datos personales deban suprimirse en cumplimiento de una<br \/>\nobligaci\u00f3n legal; o los datos personales hayan sido obtenidos producto de una oferta directa de<br \/>\nservicios de la sociedad de la informaci\u00f3n a un menor de 14 a\u00f1os. Adem\u00e1s de suprimir los datos, el<br \/>\nResponsable del tratamiento, teniendo en cuenta la tecnolog\u00eda disponible y el coste de su<br \/>\naplicaci\u00f3n, deber\u00e1 adoptar medidas razonables para informar a los responsables que est\u00e9n tratando<br \/>\nlos datos personales de la solicitud del interesado de supresi\u00f3n de cualquier enlace a esos datos<br \/>\npersonales.<br \/>\nDerecho a la limitaci\u00f3n del tratamiento: Es el derecho del Usuario a limitar el tratamiento de sus<br \/>\ndatos personales. El Usuario tiene derecho a obtener la limitaci\u00f3n del tratamiento cuando impugne<br \/>\nla exactitud de sus datos personales; el tratamiento sea il\u00edcito; el Responsable del tratamiento ya no<br \/>\nnecesite los datos personales, pero el Usuario lo necesite para hacer reclamaciones; y cuando el<br \/>\nUsuario se haya opuesto al tratamiento.<br \/>\nDerecho a la portabilidad de los datos: En caso de que el tratamiento se efect\u00fae por medios<br \/>\nautomatizados, el Usuario tendr\u00e1 derecho a recibir del Responsable del tratamiento sus datos<br \/>\npersonales en un formato estructurado, de uso com\u00fan y lectura mec\u00e1nica, y a transmitirlos a otro<br \/>\nresponsable del tratamiento. Siempre que sea t\u00e9cnicamente posible, el Responsable del tratamiento<br \/>\ntransmitir\u00e1 directamente los datos a ese otro responsable.<br \/>\nDerecho de oposici\u00f3n: Es el derecho del Usuario a que no se lleve a cabo el tratamiento de sus datos<br \/>\nde car\u00e1cter personal o se cese el tratamiento de los mismos por parte de New Beginning Films.<br \/>\nDerecho a no ser objeto de una decisi\u00f3n basada \u00fanicamente en el tratamiento automatizado,<br \/>\nincluida la elaboraci\u00f3n de perfiles: Es el derecho del Usuario a no ser objeto de una decisi\u00f3n<br \/>\nindividualizada basada \u00fanicamente en el tratamiento automatizado de sus datos personales,<br \/>\nincluida la elaboraci\u00f3n de perfiles, existente salvo que la legislaci\u00f3n vigente establezca lo contrario.<br \/>\nAs\u00ed pues, el Usuario podr\u00e1 ejercitar sus derechos mediante comunicaci\u00f3n escrita dirigida al Responsable<br \/>\ndel tratamiento con la referencia \u00abRGPD-https:\/\/newbeginningfilms.es\/\u00bb, especificando:<br \/>\nNombre, apellidos del Usuario y copia del DNI. En los casos en que se admita la representaci\u00f3n, ser\u00e1<br \/>\ntambi\u00e9n necesaria la identificaci\u00f3n por el mismo medio de la persona que representa al Usuario, as\u00ed<br \/>\ncomo el documento acreditativo de la representaci\u00f3n. La fotocopia del DNI podr\u00e1 ser sustituida, por<br \/>\ncualquier otro medio v\u00e1lido en derecho que acredite la identidad.<br \/>\nPetici\u00f3n con los motivos espec\u00edficos de la solicitud o informaci\u00f3n a la que se quiere acceder.<br \/>\nDomicilio a efecto de notificaciones.<br \/>\nFecha y firma del solicitante.<br \/>\nTodo documento que acredite la petici\u00f3n que formula.<br \/>\nEsta solicitud y todo otro documento adjunto podr\u00e1 enviarse a la siguiente direcci\u00f3n y\/o correo electr\u00f3nico:<br \/>\nDirecci\u00f3n postal: Nanclares de Oca 1 portal F bajo C &#8211; 28022 Madrid<br \/>\nCorreo electr\u00f3nico: info@newbeginningfilms.es<br \/>\nEnlaces a sitios web de terceros<br \/>\nEl Sitio Web puede incluir hiperv\u00ednculos o enlaces que permiten acceder a p\u00e1ginas web de terceros<br \/>\ndistintos de New Beginning Films, y que por tanto no son operados por New Beginning Films. Los titulares<br \/>\nde dichos sitios web dispondr\u00e1n de sus propias pol\u00edticas de protecci\u00f3n de datos, siendo ellos mismos, en<br \/>\ncada caso, responsables de sus propios ficheros y de sus propias pr\u00e1cticas de privacidad.<br \/>\nReclamaciones ante la autoridad de control<br \/>\nEn caso de que el Usuario considere que existe un problema o infracci\u00f3n de la normativa vigente en la<br \/>\nforma en la que se est\u00e1n tratando sus datos personales, tendr\u00e1 derecho a la tutela judicial efectiva y a<br \/>\npresentar una reclamaci\u00f3n ante una autoridad de control, en particular, en el Estado en el que tenga su<br \/>\nresidencia habitual, lugar de trabajo o lugar de la supuesta infracci\u00f3n. En el caso de Espa\u00f1a, la autoridad<br \/>\nde control es la Agencia Espa\u00f1ola de Protecci\u00f3n de Datos (https:\/\/www.aepd.es\/). <\/p>\n<p><b><br \/>\nII. ACEPTACI\u00d3N Y CAMBIOS EN ESTA POL\u00cdTICA DE<br \/>\nPRIVACIDAD<\/b><br \/>\nEs necesario que el Usuario haya le\u00eddo y est\u00e9 conforme con las condiciones sobre la protecci\u00f3n de datos<br \/>\nde car\u00e1cter personal contenidas en esta Pol\u00edtica de Privacidad, as\u00ed como que acepte el tratamiento de sus<br \/>\ndatos personales para que el Responsable del tratamiento pueda proceder al mismo en la forma, durante<br \/>\nlos plazos y para las finalidades indicadas. El uso del Sitio Web implicar\u00e1 la aceptaci\u00f3n de la Pol\u00edtica de<br \/>\nPrivacidad del mismo.<br \/>\nNew Beginning Films se reserva el derecho a modificar su Pol\u00edtica de Privacidad, de acuerdo a su propio<br \/>\ncriterio, o motivado por un cambio legislativo, jurisprudencial o doctrinal de la Agencia Espa\u00f1ola de<br \/>\nProtecci\u00f3n de Datos. Los cambios o actualizaciones de esta Pol\u00edtica de Privacidad no ser\u00e1n notificados de<br \/>\nforma expl\u00edcita al Usuario. Se recomienda al Usuario consultar esta p\u00e1gina de forma peri\u00f3dica para estar al<br \/>\ntanto de los \u00faltimos cambios o actualizaciones.<br \/>\nEsta Pol\u00edtica de Privacidad fue actualizada para adaptarse al Reglamento (UE) 2016\/679 del Parlamento<br \/>\nEuropeo y del Consejo, de 27 de abril de 2016, relativo a la protecci\u00f3n de las personas f\u00edsicas en lo que<br \/>\nrespecta al tratamiento de datos personales y a la libre circulaci\u00f3n de estos datos (RGPD) y a la Ley<br \/>\nOrg\u00e1nica 3\/2018, de 5 de diciembre, de Protecci\u00f3n de Datos Personales y garant\u00eda de los derechos<br \/>\ndigitales.<br \/>\nEste documento de Pol\u00edtica de Privacidad de un sitio web ha sido creado mediante el generador de plantilla<br \/>\nde pol\u00edtica de privacidad web gratis online el d\u00eda 04\/01\/2026.<\/p>\n<\/div><\/div><\/div><\/div><\/div>","protected":false},"excerpt":{"rendered":"","protected":false},"author":1,"featured_media":0,"parent":0,"menu_order":0,"comment_status":"closed","ping_status":"closed","template":"","meta":{"footnotes":""},"class_list":["post-1890","page","type-page","status-publish","hentry"],"_links":{"self":[{"href":"https:\/\/newbeginningfilms.es\/en\/wp-json\/wp\/v2\/pages\/1890","targetHints":{"allow":["GET"]}}],"collection":[{"href":"https:\/\/newbeginningfilms.es\/en\/wp-json\/wp\/v2\/pages"}],"about":[{"href":"https:\/\/newbeginningfilms.es\/en\/wp-json\/wp\/v2\/types\/page"}],"author":[{"embeddable":true,"href":"https:\/\/newbeginningfilms.es\/en\/wp-json\/wp\/v2\/users\/1"}],"replies":[{"embeddable":true,"href":"https:\/\/newbeginningfilms.es\/en\/wp-json\/wp\/v2\/comments?post=1890"}],"version-history":[{"count":3,"href":"https:\/\/newbeginningfilms.es\/en\/wp-json\/wp\/v2\/pages\/1890\/revisions"}],"predecessor-version":[{"id":1905,"href":"https:\/\/newbeginningfilms.es\/en\/wp-json\/wp\/v2\/pages\/1890\/revisions\/1905"}],"wp:attachment":[{"href":"https:\/\/newbeginningfilms.es\/en\/wp-json\/wp\/v2\/media?parent=1890"}],"curies":[{"name":"wp","href":"https:\/\/api.w.org\/{rel}","templated":true}]}}