{"id":1892,"date":"2025-12-18T17:39:08","date_gmt":"2025-12-18T17:39:08","guid":{"rendered":"https:\/\/newbeginningfilms.es\/?page_id=1892"},"modified":"2026-01-09T12:09:30","modified_gmt":"2026-01-09T12:09:30","slug":"politica-de-cookies","status":"publish","type":"page","link":"https:\/\/newbeginningfilms.es\/en\/politica-de-cookies\/","title":{"rendered":"Cookies policy"},"content":{"rendered":"<div class=\"fusion-fullwidth fullwidth-box fusion-builder-row-1 fusion-flex-container has-pattern-background has-mask-background nonhundred-percent-fullwidth non-hundred-percent-height-scrolling\" style=\"--awb-border-radius-top-left:0px;--awb-border-radius-top-right:0px;--awb-border-radius-bottom-right:0px;--awb-border-radius-bottom-left:0px;--awb-flex-wrap:wrap;\" ><div class=\"fusion-builder-row fusion-row fusion-flex-align-items-flex-start fusion-flex-content-wrap\" style=\"max-width:1404px;margin-left: calc(-4% \/ 2 );margin-right: calc(-4% \/ 2 );\"><div class=\"fusion-layout-column fusion_builder_column fusion-builder-column-0 fusion_builder_column_1_1 1_1 fusion-flex-column\" style=\"--awb-bg-size:cover;--awb-width-large:100%;--awb-margin-top-large:0px;--awb-spacing-right-large:1.92%;--awb-margin-bottom-large:20px;--awb-spacing-left-large:1.92%;--awb-width-medium:100%;--awb-order-medium:0;--awb-spacing-right-medium:1.92%;--awb-spacing-left-medium:1.92%;--awb-width-small:100%;--awb-order-small:0;--awb-spacing-right-small:1.92%;--awb-spacing-left-small:1.92%;\"><div class=\"fusion-column-wrapper fusion-column-has-shadow fusion-flex-justify-content-flex-start fusion-content-layout-column\"><div class=\"fusion-title title fusion-title-1 fusion-sep-none fusion-title-center fusion-title-text fusion-title-size-three\" style=\"--awb-text-color:#000000;--awb-margin-bottom:50px;\"><h3 class=\"fusion-title-heading title-heading-center\" style=\"margin:0;\">POL\u00cdTICA DE COOKIES<\/h3><\/div><div class=\"fusion-text fusion-text-1\" style=\"--awb-text-color:var(--awb-color6);\"><p>El acceso a este Sitio Web puede implicar la utilizaci\u00f3n de cookies. Las cookies son peque\u00f1as cantidades<br \/>\nde informaci\u00f3n que se almacenan en el navegador utilizado por cada Usuario \u2014en los distintos dispositivos<br \/>\nque pueda utilizar para navegar\u2014 para que el servidor recuerde cierta informaci\u00f3n que posteriormente y<br \/>\n\u00fanicamente el servidor que la implement\u00f3 leer\u00e1. Las cookies facilitan la navegaci\u00f3n, la hacen m\u00e1s<br \/>\namigable, y no da\u00f1an el dispositivo de navegaci\u00f3n.<br \/>\nLas cookies son procedimientos autom\u00e1ticos de recogida de informaci\u00f3n relativa a las preferencias<br \/>\ndeterminadas por el Usuario durante su visita al Sitio Web con el fin de reconocerlo como Usuario, y<br \/>\npersonalizar su experiencia y el uso del Sitio Web, y pueden tambi\u00e9n, por ejemplo, ayudar a identificar y<br \/>\nresolver errores.<br \/>\nLa informaci\u00f3n recabada a trav\u00e9s de las cookies puede incluir la fecha y hora de visitas al Sitio Web, las<br \/>\np\u00e1ginas visionadas, el tiempo que ha estado en el Sitio Web y los sitios visitados justo antes y despu\u00e9s del<br \/>\nmismo. Sin embargo, ninguna cookie permite que esta misma pueda contactarse con el n\u00famero de<br \/>\ntel\u00e9fono del Usuario o con cualquier otro medio de contacto personal. Ninguna cookie puede extraer<br \/>\ninformaci\u00f3n del disco duro del Usuario o robar informaci\u00f3n personal. La \u00fanica manera de que la<br \/>\ninformaci\u00f3n privada del Usuario forme parte del archivo Cookie es que el usuario d\u00e9 personalmente esa<br \/>\ninformaci\u00f3n al servidor.<br \/>\nLas cookies que permiten identificar a una persona se consideran datos personales. Por tanto, a las<br \/>\nmismas les ser\u00e1 de aplicaci\u00f3n la Pol\u00edtica de Privacidad anteriormente descrita. En este sentido, para la<br \/>\nutilizaci\u00f3n de las mismas ser\u00e1 necesario el consentimiento del Usuario. Este consentimiento ser\u00e1<br \/>\ncomunicado, en base a una elecci\u00f3n aut\u00e9ntica, ofrecido mediante una decisi\u00f3n afirmativa y positiva, antes<br \/>\ndel tratamiento inicial, removible y documentado.<\/p>\n<p><b><br \/>\nCookies propias<\/b><br \/>\nSon aquellas cookies que son enviadas al ordenador o dispositivo del Usuario y gestionadas<br \/>\nexclusivamente por New Beginning Films para el mejor funcionamiento del Sitio Web. La informaci\u00f3n que<br \/>\nse recaba se emplea para mejorar la calidad del Sitio Web y su Contenido y su experiencia como Usuario.<br \/>\nEstas cookies permiten reconocer al Usuario como visitante recurrente del Sitio Web y adaptar el<br \/>\ncontenido para ofrecerle contenidos que se ajusten a sus preferencias.<\/p>\n<p><b><br \/>\nCookies de redes sociales<\/b><br \/>\nNew Beginning Films incorpora plugins de redes sociales, que permiten acceder a las mismas a partir del<br \/>\nSitio Web. Por esta raz\u00f3n, las cookies de redes sociales pueden almacenarse en el navegador del Usuario.<br \/>\nLos titulares de dichas redes sociales disponen de sus propias pol\u00edticas de protecci\u00f3n de datos y de<br \/>\ncookies, siendo ellos mismos, en cada caso, responsables de sus propios ficheros y de sus propias<br \/>\npr\u00e1cticas de privacidad. El Usuario debe referirse a las mismas para informarse acerca de dichas cookies y,<br \/>\nen su caso, del tratamiento de sus datos personales. \u00danicamente a t\u00edtulo informativo se indican a<br \/>\ncontinuaci\u00f3n los enlaces en los que se pueden consultar dichas pol\u00edticas de privacidad y\/o de cookies:<br \/>\nFacebook: https:\/\/www.facebook.com\/policies\/cookies\/<\/p>\n<ul>\n<li>\nTwitter: https:\/\/twitter.com\/es\/privacy<\/li>\n<li>\nInstagram: https:\/\/help.instagram.com\/1896641480634370?ref=ig<\/li>\n<li>\nYouTube: https:\/\/policies.google.com\/privacy?hl=es-419&amp;gl=mx<\/li>\n<li>\nPinterest: https:\/\/policy.pinterest.com\/es\/privacy-policy<\/li>\n<li>\nLinkedIn: https:\/\/www.linkedin.com\/legal\/cookie-policy?trk=hp-cookies<\/li>\n<\/ul>\n<p><b><br \/>\nDeshabilitar, rechazar y eliminar cookies<\/b><br \/>\nEl Usuario puede deshabilitar, rechazar y eliminar las cookies \u2014total o parcialmente\u2014 instaladas en su<br \/>\ndispositivo mediante la configuraci\u00f3n de su navegador (entre los que se encuentran, por ejemplo, Chrome,<br \/>\nFirefox, Safari, Explorer). En este sentido, los procedimientos para rechazar y eliminar las cookies pueden<br \/>\ndiferir de un navegador de Internet a otro. En consecuencia, el Usuario debe acudir a las instrucciones<br \/>\nfacilitadas por el propio navegador de Internet que est\u00e9 utilizando. En el supuesto de que rechace el uso<br \/>\nde cookies \u2014total o parcialmente\u2014 podr\u00e1 seguir usando el Sitio Web, si bien podr\u00e1 tener limitada la<br \/>\nutilizaci\u00f3n de algunas de las prestaciones del mismo.<\/p>\n<p>\nEste documento de Pol\u00edtica de Cookies ha sido creado mediante el generador de plantilla de pol\u00edtica de<br \/>\ncookies web gratis online el d\u00eda 04\/01\/2026.<\/p>\n<\/div><\/div><\/div><\/div><\/div>","protected":false},"excerpt":{"rendered":"","protected":false},"author":1,"featured_media":0,"parent":0,"menu_order":0,"comment_status":"closed","ping_status":"closed","template":"","meta":{"footnotes":""},"class_list":["post-1892","page","type-page","status-publish","hentry"],"_links":{"self":[{"href":"https:\/\/newbeginningfilms.es\/en\/wp-json\/wp\/v2\/pages\/1892","targetHints":{"allow":["GET"]}}],"collection":[{"href":"https:\/\/newbeginningfilms.es\/en\/wp-json\/wp\/v2\/pages"}],"about":[{"href":"https:\/\/newbeginningfilms.es\/en\/wp-json\/wp\/v2\/types\/page"}],"author":[{"embeddable":true,"href":"https:\/\/newbeginningfilms.es\/en\/wp-json\/wp\/v2\/users\/1"}],"replies":[{"embeddable":true,"href":"https:\/\/newbeginningfilms.es\/en\/wp-json\/wp\/v2\/comments?post=1892"}],"version-history":[{"count":4,"href":"https:\/\/newbeginningfilms.es\/en\/wp-json\/wp\/v2\/pages\/1892\/revisions"}],"predecessor-version":[{"id":1908,"href":"https:\/\/newbeginningfilms.es\/en\/wp-json\/wp\/v2\/pages\/1892\/revisions\/1908"}],"wp:attachment":[{"href":"https:\/\/newbeginningfilms.es\/en\/wp-json\/wp\/v2\/media?parent=1892"}],"curies":[{"name":"wp","href":"https:\/\/api.w.org\/{rel}","templated":true}]}}